{"id":1719,"date":"2024-01-22T11:15:33","date_gmt":"2024-01-22T10:15:33","guid":{"rendered":"https:\/\/kommpress.dk.linux209.curanetserver.dk\/?page_id=1719"},"modified":"2024-06-18T12:17:41","modified_gmt":"2024-06-18T10:17:41","slug":"persondatapolitik","status":"publish","type":"page","link":"https:\/\/kommpress.dk\/en\/persondatapolitik\/","title":{"rendered":"Persondatapolitik"},"content":{"rendered":"<div data-elementor-type=\"wp-page\" data-elementor-id=\"1719\" class=\"elementor elementor-1719\" data-elementor-post-type=\"page\">\n\t\t\t\t\t\t<section class=\"elementor-section elementor-top-section elementor-element elementor-element-7413027 elementor-section-boxed elementor-section-height-default elementor-section-height-default\" data-id=\"7413027\" data-element_type=\"section\" data-e-type=\"section\" data-settings=\"{&quot;jet_parallax_layout_list&quot;:[]}\">\n\t\t\t\t\t\t<div class=\"elementor-container elementor-column-gap-default\">\n\t\t\t\t\t<div class=\"elementor-column elementor-col-100 elementor-top-column elementor-element elementor-element-c113770\" data-id=\"c113770\" data-element_type=\"column\" data-e-type=\"column\">\n\t\t\t<div class=\"elementor-widget-wrap elementor-element-populated\">\n\t\t\t\t\t\t<div class=\"elementor-element elementor-element-7cfc0b5 elementor-widget elementor-widget-heading\" data-id=\"7cfc0b5\" data-element_type=\"widget\" data-e-type=\"widget\" data-widget_type=\"heading.default\">\n\t\t\t\t<div class=\"elementor-widget-container\">\n\t\t\t\t\t<h1 class=\"elementor-heading-title elementor-size-default\">Persondatapolitik.<\/h1>\t\t\t\t<\/div>\n\t\t\t\t<\/div>\n\t\t\t\t<div class=\"elementor-element elementor-element-c9e054b elementor-widget elementor-widget-text-editor\" data-id=\"c9e054b\" data-element_type=\"widget\" data-e-type=\"widget\" data-widget_type=\"text-editor.default\">\n\t\t\t\t<div class=\"elementor-widget-container\">\n\t\t\t\t\t\t\t\t\t<p>KommPress er dataansvarlig for behandlingen af de personoplysninger, som vi behandler om vores kunder og samarbejdspartnere. Du finder vores kontaktoplysninger nedenfor.<\/p><p>KommPress A\/S<\/p><p>Pakhusg\u00e5rden 54 2. sal<br \/>5000 Odense C<\/p><p>CVR-nr.: 19632687<\/p><p>Det er ikke et krav, at vores virksomhed har en\u00a0ekstern DPO, men hvis du har sp\u00f8rgsm\u00e5l til behandlingen af dine personoplysninger, s\u00e5 kan du kontakte os via <a href=\"mailto:kontakt@kommpress.dk\">kontakt@kommpress.dk<\/a><\/p><p>Behandlingsaktiviteter<\/p><p>Som dataansvarlig jf. GDPR, s\u00e5 har vi f\u00f8lgende behandlingsaktiviteter.<\/p><p>Kommunikation med potentielle kunder<\/p><p>N\u00e5r du har sp\u00f8rgsm\u00e5l til vores side eller \u00f8nsker at h\u00f8re mere om vores services, s\u00e5 kan du kontakte os via:<\/p><ul><li>Kontaktformular<\/li><li>E-mail<\/li><li>Telefon<br \/><br \/><\/li><\/ul><p>Herigennem vil vi behandle dine\u00a0personoplysninger, s\u00e5 vi kan indg\u00e5 i en dialog med dig \u2013 f.eks. svare p\u00e5 sp\u00f8rgsm\u00e5l om vores ydelser. Vi behandler kun den information, som du giver os i forbindelse med vores kommunikation.<\/p><p>Vi vil typisk behandle f\u00f8lgende almindelige oplysninger: navn, e-mail, telefonnummer.<\/p><p>Vores hjemmel til at behandle disse personoplysninger er databeskyttelsesforordningens artikel 6, stk. 1 litra f.<\/p><p>Vi sletter vores kommunikation med dig, n\u00e5r det st\u00e5r klart, om du \u00f8nsker vores ydelser eller ej.<\/p><p>I sj\u00e6ldne tilf\u00e6lde vil der kunne opst\u00e5 et behov for at opbevare dine personoplysninger i l\u00e6ngere tid.<\/p><p><strong><br \/>Kunder<\/strong><\/p><p>Vi har behov for at kommunikere med vores kunder, s\u00e5 vi sikrer os, at ydelsen leveres korrekt. Herigennem kan vi behandle oplysninger om navn, adresse, ydelser, s\u00e6rlige aftaler, betalingsinformationer og lignende.<\/p><p>Hjemlen til at behandle disse personoplysninger er databeskyttelsesforordningens artikel 6, stk. 1 litra b.<\/p><p>N\u00e5r ydelsen er leveret, og eventuelle udest\u00e5ende er afsluttede, s\u00e5 vil vi umiddelbart herefter slette personoplysningerne.<\/p><p><strong><br \/>Bogf\u00f8ring<\/strong><\/p><p>Vi skal gemme alle regnskabsbilag jf. bogf\u00f8ringsloven. Det betyder, at vi gemmer fakturaer og lignende bilag til brug for regnskabsf\u00f8ring. Heraf kan der fremg\u00e5 almindelige personoplysninger som navn, adresse, ydelsesbeskrivelse.<\/p><p>Vores hjemmel til at behandle personoplysninger til bogf\u00f8ringen er databeskyttelsesforordningens artikel 6, stk.1 litra.<\/p><p>Vi opbevarer disse oplysninger i minimum 5 \u00e5r, efter indev\u00e6rende regnskabs\u00e5r er afsluttet.<\/p><p><strong><br \/>Jobans\u00f8gninger<\/strong><\/p><p>Vi tager gl\u00e6deligt imod jobans\u00f8gninger med henblik p\u00e5 at vurdere, om de matcher et ans\u00e6ttelsesbehov i vores virksomhed.<\/p><p>Hvis du sender din jobans\u00f8gning til os, s\u00e5 er vores hjemmel til at behandle dine personoplysninger databeskyttelsesforordningens artikel 6, stk. 1 litra f.<\/p><p>Hvis du har sendt en ans\u00f8gning til et opsl\u00e5et job, s\u00e5 vil vi bortskaffe din ans\u00f8gning i det tilf\u00e6lde, at du ikke ans\u00e6ttes: Det vil ske umiddelbart efter, den rette kandidat er fundet til jobbet.<\/p><p>Hvis du indg\u00e5r i et rekrutteringsforl\u00f8b og\/eller ans\u00e6ttes til jobbet, s\u00e5 vil vi give dig s\u00e6rskilt information om, hvordan vi behandler dine personoplysninger i denne forbindelse.<\/p><p><strong><br \/>Hjemmeside<\/strong><\/p><p>Ved bes\u00f8g p\u00e5 vores hjemmeside <a href=\"https:\/\/kommpress.dk\/en\/\">www.kommpress.dk<\/a> registrerer vi f\u00f8lgende:<\/p><p>Dato og tidspunkt for bes\u00f8g<br \/>De sider der bes\u00f8ges<br \/>IP-adressen p\u00e5 den bes\u00f8gende<br \/>Oplysninger om den anvendte browser og computer (type, version, operativsystem m.m.)<br \/>URL fra henvisningssted (siden hvorfra den bes\u00f8gende er kommet til vores l\u00f8sning)<br \/>Bes\u00f8gets (sessionens) varighed<br \/>Oplysningerne anvendes med det form\u00e5l at sikre brugervenlighed og sikkerhed i forbindelse med afvikling af driften samt til udarbejdelse af statistik. Der kan opsamles data om din computer med henblik p\u00e5 at systemadministration og interne marketingsrelaterede analyser.<\/p><p>Vi indsamler kun dine personoplysninger, hvis du har givet dit samtykke hertil, jf. databeskyttelsesforordningens artikel 6, stk. 1, litra a. Du kan til enhver tid tr\u00e6kke dit samtykke tilbage ved at kontakte os.<\/p><p><strong><br \/>Databehandlere<\/strong><\/p><p>F\u00e5 kan klare alt selv, og det samme g\u00e6lder os. Vi har derfor samarbejdspartnere samt benytter os af leverand\u00f8rer, hvoraf nogle kan v\u00e6re databehandlere.<\/p><p>Eksterne leverand\u00f8rer kan f.eks. levere systemer til at organisere vores arbejde, services, r\u00e5dgivning, IT-hosting eller markedsf\u00f8ring.<\/p><p><b>Daugaards-IT:<\/b> IT-support og hosting<br \/><b>Chili Security:<\/b> Antivirus og cloudl\u00f8sninge<br \/><b>Workbook:<\/b> Fakturering<br \/><b>Piwik Pro:<\/b> Dataindsamling p\u00e5 hjemmesiden<\/p><p>Det er vores ansvar at sikre, at dine personoplysninger behandles ordentligt. Derfor stiller vi h\u00f8je krav til vores samarbejdspartnere, og vores partnere skal garantere, at dine personoplysninger er beskyttet.<\/p><p>Vi indg\u00e5r derfor aftaler herom med virksomheder (databehandlere), der h\u00e5ndterer personoplysninger p\u00e5 vores vegne for at h\u00f8jne sikkerheden af dine personoplysninger.<\/p><p><strong><br \/>Videregivelse af personoplysninger<\/strong><\/p><p>Vi videregiver ikke dine personoplysninger til tredjemand.<\/p><p><strong><br \/>Profilering og automatiserede afg\u00f8relser<\/strong><\/p><p>Vi foretager ikke profilering eller automatiserede afg\u00f8relser.<\/p><p><strong><br \/>Tredjelandeoverf\u00f8rsler<\/strong><\/p><p>Vi benytter som udgangspunkt databehandlere i EU\/E\u00d8S eller som opbevarer data i EU\/E\u00d8S.<\/p><p>I nogle tilf\u00e6lde er dette ikke muligt, og her kan der benyttes databehandlere udenfor EU\/E\u00d8S, hvis disse kan give dine personoplysninger en passende beskyttelse.<\/p><p><strong><br \/>Behandlingssikkerhed<\/strong><\/p><p>Vi holder behandlingen af personoplysninger sikker ved at have indf\u00f8rt passende tekniske og organisatoriske foranstaltninger.<\/p><p>Vi har lavet risikovurderinger af vores behandling af personoplysninger og har herefter indf\u00f8rt passende tekniske og organisatoriske foranstaltninger for at \u00f8ge behandlingssikkerheden.<\/p><p>En af vores vigtigste foranstaltninger er at holde vores medarbejdere opdaterede om GDPR via l\u00f8bende tr\u00e6ning, GDPR-kursus, samt ved at gennemg\u00e5 vores GDPR-procedurer med medarbejderne.<\/p><p><strong><br \/>De registreredes rettigheder<\/strong><\/p><p>Du har efter databeskyttelsesforordningen en r\u00e6kke rettigheder i forhold til vores behandling af oplysninger om dig.<\/p><p>Hvis du vil g\u00f8re brug af dine rettigheder, skal du kontakte os, s\u00e5 vi kan hj\u00e6lpe dig med dette.<\/p><p><strong><br \/>Ret til at se oplysninger (indsigtsret)<\/strong><\/p><p>Du har ret til at f\u00e5 indsigt i de oplysninger, som vi behandler om dig samt en r\u00e6kke yderligere oplysninger.<\/p><p><strong><br \/>Ret til berigtigelse (rettelse)<\/strong><\/p><p>Du har ret til at f\u00e5 urigtige oplysninger om dig selv rettet.<\/p><p><strong><br \/>Ret til sletning<\/strong><\/p><p>I s\u00e6rlige tilf\u00e6lde har du ret til at f\u00e5 slettet oplysninger om dig, inden tidspunktet for vores almindelige generelle sletning indtr\u00e6ffer.<\/p><p><strong><br \/>Ret til begr\u00e6nsning af behandling<\/strong><\/p><p>Du har i visse tilf\u00e6lde ret til at f\u00e5 behandlingen af dine personoplysninger begr\u00e6nset. Hvis du har ret til at f\u00e5 begr\u00e6nset behandlingen, m\u00e5 vi fremover kun behandle oplysningerne \u2013 bortset fra opbevaring \u2013 med dit samtykke, eller med henblik p\u00e5 at retskrav kan fastl\u00e6gges, g\u00f8res g\u00e6ldende eller forsvares, eller for at beskytte en person eller vigtige samfundsinteresser.<\/p><p><strong><br \/>Ret til indsigelse<\/strong><\/p><p>Du har i visse tilf\u00e6lde ret til at g\u00f8re indsigelse mod vores ellers lovlige behandling af dine personoplysninger. Du kan ogs\u00e5 g\u00f8re indsigelse mod behandling af dine oplysninger til direkte markedsf\u00f8ring.<\/p><p><strong><br \/>Ret til at transmittere oplysninger (dataportabilitet)<\/strong><\/p><p>Du har i visse tilf\u00e6lde ret til at modtage dine personoplysninger i et struktureret, almindeligt anvendt og maskinl\u00e6sbart format samt at f\u00e5 overf\u00f8rt disse personoplysninger fra \u00e9n dataansvarlig til en anden uden hindring.<\/p><p>Du kan l\u00e6se mere om dine rettigheder i Datatilsynets vejledning om de registreredes rettigheder, som du finder p\u00e5\u00a0<a href=\"http:\/\/www.datatilsynet.dk\" target=\"_blank\" rel=\"noopener\">www.datatilsynet.dk<\/a>.<\/p><p><strong><br \/>Tilbagetr\u00e6kning af samtykke<\/strong><\/p><p>N\u00e5r vores behandling af dine personoplysninger er baseret p\u00e5 dit samtykke, s\u00e5 har du ret til at tr\u00e6kke dit samtykke tilbage.<\/p><p><strong><br \/>Klage til Datatilsynet<\/strong><\/p><p>Du har ret til at indgive en klage til Datatilsynet, hvis du er utilfreds med den m\u00e5de, vi behandler dine personoplysninger p\u00e5. Du finder Datatilsynets kontaktoplysninger p\u00e5\u00a0<a href=\"http:\/\/www.datatilsynet.dk\" target=\"_blank\" rel=\"noopener\">www.datatilsynet.dk<\/a>.<\/p><p>Vi vil generelt opfordre dig til at l\u00e6se mere om GDPR, s\u00e5 du er opdateret p\u00e5 reglerne.<\/p>\t\t\t\t\t\t\t\t<\/div>\n\t\t\t\t<\/div>\n\t\t\t\t\t<\/div>\n\t\t<\/div>\n\t\t\t\t\t<\/div>\n\t\t<\/section>\n\t\t\t\t<section class=\"elementor-section elementor-top-section elementor-element elementor-element-643d619 elementor-section-boxed elementor-section-height-default elementor-section-height-default\" data-id=\"643d619\" data-element_type=\"section\" data-e-type=\"section\" data-settings=\"{&quot;jet_parallax_layout_list&quot;:[],&quot;background_background&quot;:&quot;classic&quot;}\">\n\t\t\t\t\t\t<div class=\"elementor-container elementor-column-gap-default\">\n\t\t\t\t\t<div class=\"elementor-column elementor-col-100 elementor-top-column elementor-element elementor-element-c50368b\" data-id=\"c50368b\" data-element_type=\"column\" data-e-type=\"column\">\n\t\t\t<div class=\"elementor-widget-wrap elementor-element-populated\">\n\t\t\t\t\t\t<div class=\"elementor-element elementor-element-13feb96 elementor-widget__width-initial elementor-widget elementor-widget-global elementor-global-2896 elementor-widget-text-editor\" data-id=\"13feb96\" data-element_type=\"widget\" data-e-type=\"widget\" data-widget_type=\"text-editor.default\">\n\t\t\t\t<div class=\"elementor-widget-container\">\n\t\t\t\t\t\t\t\t\t<p>Sammen skaber vi <br \/>resultater med dine historier.<\/p>\t\t\t\t\t\t\t\t<\/div>\n\t\t\t\t<\/div>\n\t\t\t\t\t<\/div>\n\t\t<\/div>\n\t\t\t\t\t<\/div>\n\t\t<\/section>\n\t\t\t\t<\/div>","protected":false},"excerpt":{"rendered":"<p>Persondatapolitik. KommPress er dataansvarlig for behandlingen af de personoplysninger, som vi behandler om vores kunder og samarbejdspartnere. Du finder vores kontaktoplysninger nedenfor. KommPress A\/S Pakhusg\u00e5rden 54 2. sal5000 Odense C CVR-nr.: 19632687 Det er ikke et krav, at vores virksomhed har en\u00a0ekstern DPO, men hvis du har sp\u00f8rgsm\u00e5l til behandlingen af dine personoplysninger, s\u00e5 kan [&hellip;]<\/p>\n","protected":false},"author":2,"featured_media":374,"parent":0,"menu_order":0,"comment_status":"closed","ping_status":"closed","template":"","meta":{"footnotes":""},"side-tags":[],"class_list":["post-1719","page","type-page","status-publish","has-post-thumbnail","hentry"],"_links":{"self":[{"href":"https:\/\/kommpress.dk\/en\/wp-json\/wp\/v2\/pages\/1719","targetHints":{"allow":["GET"]}}],"collection":[{"href":"https:\/\/kommpress.dk\/en\/wp-json\/wp\/v2\/pages"}],"about":[{"href":"https:\/\/kommpress.dk\/en\/wp-json\/wp\/v2\/types\/page"}],"author":[{"embeddable":true,"href":"https:\/\/kommpress.dk\/en\/wp-json\/wp\/v2\/users\/2"}],"replies":[{"embeddable":true,"href":"https:\/\/kommpress.dk\/en\/wp-json\/wp\/v2\/comments?post=1719"}],"version-history":[{"count":0,"href":"https:\/\/kommpress.dk\/en\/wp-json\/wp\/v2\/pages\/1719\/revisions"}],"wp:featuredmedia":[{"embeddable":true,"href":"https:\/\/kommpress.dk\/en\/wp-json\/wp\/v2\/media\/374"}],"wp:attachment":[{"href":"https:\/\/kommpress.dk\/en\/wp-json\/wp\/v2\/media?parent=1719"}],"wp:term":[{"taxonomy":"side-tags","embeddable":true,"href":"https:\/\/kommpress.dk\/en\/wp-json\/wp\/v2\/side-tags?post=1719"}],"curies":[{"name":"wp","href":"https:\/\/api.w.org\/{rel}","templated":true}]}}